{"id":9956,"date":"2024-12-16T10:42:18","date_gmt":"2024-12-16T10:42:18","guid":{"rendered":"https:\/\/oclockcoworking.ma\/?page_id=9956"},"modified":"2025-02-14T13:41:17","modified_gmt":"2025-02-14T13:41:17","slug":"our-services","status":"publish","type":"page","link":"https:\/\/oclockcoworking.ma\/en\/our-services\/","title":{"rendered":"Our Services"},"content":{"rendered":"<div class=\"wpb-content-wrapper\"><div data-vc-full-width=\"true\" data-vc-full-width-init=\"false\" data-vc-stretch-content=\"true\" class=\"vc_row wpb_row vc_row-fluid\"><div class=\"wpb_column vc_column_container vc_col-sm-12\"><div class=\"vc_column-inner\"><div class=\"wpb_wrapper\"><div class=\"es-resp\">\t<div class=\"visible-xl\" style=\"height: 64px;\"><\/div>\t<div class=\"hidden-xl hidden-md hidden-sm hidden-ms hidden-xs\" style=\"height: 64px;\"><\/div>\t<div class=\"visible-md\" style=\"height: 64px;\"><\/div>\t<div class=\"visible-sm\" style=\"height: 64px;\"><\/div>\t<div class=\"visible-ms\" style=\"height: 32px;\"><\/div>\t<div class=\"visible-xs\" style=\"height: 32px;\"><\/div><\/div><div class=\"services-sc row centered  layout-photos ltx-style-gray\"  id=\"like_sc_services_964671493\">\t\t\t\t<article class=\"col-lg-4 col-ms-12\">\n\t\t\t\t\t<div class=\"inner\">\n\t\t\t\t\t\t<a href=\"https:\/\/oclockcoworking.ma\/en\/services\/bureau-equipe-agadir\/\" class=\"photo-inner\"><img decoding=\"async\" width=\"1120\" height=\"720\" src=\"https:\/\/oclockcoworking.ma\/wp-content\/smush-webp\/2025\/01\/IMG_1124-1120x720.jpeg.webp\" class=\"attachment-post-thumbnail size-post-thumbnail wp-post-image\" alt=\"\" \/><\/a>\t\t\t\t\t    <div class=\"description\">\n\t\t\t\t\t        <a href=\"https:\/\/oclockcoworking.ma\/en\/services\/bureau-equipe-agadir\/\" class=\"header\">\n\t\t\t\t\t        \t<h4 class=\"header\">Office Team<\/h4>\n\t\t\t\t\t        <\/a>\n\t\t\t\t        \t<p>\n\t\t\t\t        \t\tThe office team are perfect for the small-to-medium-sized teams that need to meet regularly while being surrounded by a vibrant community. With open spaces and modular, each office team can be adapted to your needs, while providing an atmosphere conducive to collaboration.\t\t\t\t        \t<\/p>\t        \n\t\t\t\t\t        <a href=\"https:\/\/oclockcoworking.ma\/en\/services\/bureau-equipe-agadir\/\" class=\"more-link\">Submit now<\/a>\t\t\t\t\t    <\/div>    \n\t\t\t\t\t<\/div>\n\t\t\t\t<\/article>\t\n\t\t\t\t\t\t\t\t<article class=\"col-lg-4 col-ms-12\">\n\t\t\t\t\t<div class=\"inner\">\n\t\t\t\t\t\t<a href=\"https:\/\/oclockcoworking.ma\/en\/services\/bureau-duo-agadir\/\" class=\"photo-inner\"><img decoding=\"async\" src=\"\/\/oclockcoworking.ma\/wp-content\/uploads\/2024\/12\/IMG_1110-scaled.jpeg\" alt=\"Bureau Duo\"><\/a>\t\t\t\t\t    <div class=\"description\">\n\t\t\t\t\t        <a href=\"https:\/\/oclockcoworking.ma\/en\/services\/bureau-duo-agadir\/\" class=\"header\">\n\t\t\t\t\t        \t<h4 class=\"header\">Office Duo<\/h4>\n\t\t\t\t\t        <\/a>\n\t\t\t\t        \t<p>\n\t\t\t\t        \t\tFor collaborations or small, our offices duo are designed to accommodate two people in a space optimized. Ideal for small teams or partners of projects, these offices allow you to work side-by-side while enjoying the privacy and of the equipment needed for maximum productivity.\t\t\t\t        \t<\/p>\t        \n\t\t\t\t\t        <a href=\"https:\/\/oclockcoworking.ma\/en\/services\/bureau-duo-agadir\/\" class=\"more-link\">Submit now<\/a>\t\t\t\t\t    <\/div>    \n\t\t\t\t\t<\/div>\n\t\t\t\t<\/article>\t\n\t\t\t\t\t\t\t\t<article class=\"col-lg-4 col-ms-12\">\n\t\t\t\t\t<div class=\"inner\">\n\t\t\t\t\t\t<a href=\"https:\/\/oclockcoworking.ma\/en\/services\/bureau-prive-agadir\/\" class=\"photo-inner\"><img decoding=\"async\" width=\"1120\" height=\"720\" src=\"https:\/\/oclockcoworking.ma\/wp-content\/uploads\/2018\/02\/IMG_1118-1120x720.jpeg\" class=\"attachment-post-thumbnail size-post-thumbnail wp-post-image\" alt=\"\" \/><\/a>\t\t\t\t\t    <div class=\"description\">\n\t\t\t\t\t        <a href=\"https:\/\/oclockcoworking.ma\/en\/services\/bureau-prive-agadir\/\" class=\"header\">\n\t\t\t\t\t        \t<h4 class=\"header\">Individual Office<\/h4>\n\t\t\t\t\t        <\/a>\n\t\t\t\t        \t<p>\n\t\t\t\t        \t\tOur individual offices provide a private space and quiet, ideal for professionals who are looking for a work environment focused. Perfect for freelancers or entrepreneurs, each office is equipped with ergonomic furniture and a high-speed internet connection, allowing you to work in peace.\t\t\t\t        \t<\/p>\t        \n\t\t\t\t\t        <a href=\"https:\/\/oclockcoworking.ma\/en\/services\/bureau-prive-agadir\/\" class=\"more-link\">Submit now<\/a>\t\t\t\t\t    <\/div>    \n\t\t\t\t\t<\/div>\n\t\t\t\t<\/article>\t\n\t\t\t\t\t\t\t\t<article class=\"col-lg-4 col-ms-12\">\n\t\t\t\t\t<div class=\"inner\">\n\t\t\t\t\t\t<a href=\"https:\/\/oclockcoworking.ma\/en\/services\/coworking-agadir\/\" class=\"photo-inner\"><img decoding=\"async\" src=\"\/\/oclockcoworking.ma\/wp-content\/uploads\/2019\/06\/IMG_1087211.png\" alt=\"Poste Espace Partag\u00e9\"><\/a>\t\t\t\t\t    <div class=\"description\">\n\t\t\t\t\t        <a href=\"https:\/\/oclockcoworking.ma\/en\/services\/coworking-agadir\/\" class=\"header\">\n\t\t\t\t\t        \t<h4 class=\"header\">A Post Shared Space<\/h4>\n\t\t\t\t\t        <\/a>\n\t\t\t\t        \t<p>\n\t\t\t\t        \t\tA dynamic environment to work in a flexible manner. Ideal for students, freelancers and entrepreneurs, this space encourages collaboration while offering areas of concentration and modern facilities.\t\t\t\t        \t<\/p>\t        \n\t\t\t\t\t        <a href=\"https:\/\/oclockcoworking.ma\/en\/services\/coworking-agadir\/\" class=\"more-link\">Submit now<\/a>\t\t\t\t\t    <\/div>    \n\t\t\t\t\t<\/div>\n\t\t\t\t<\/article>\t\n\t\t\t\t<\/div><div class=\"es-resp\">\t<div class=\"visible-xl\" style=\"height: 64px;\"><\/div>\t<div class=\"hidden-xl hidden-md hidden-sm hidden-ms hidden-xs\" style=\"height: 64px;\"><\/div>\t<div class=\"visible-md\" style=\"height: 64px;\"><\/div>\t<div class=\"visible-sm\" style=\"height: 64px;\"><\/div>\t<div class=\"visible-ms\" style=\"height: 32px;\"><\/div>\t<div class=\"visible-xs\" style=\"height: 32px;\"><\/div><\/div><\/div><\/div><\/div><\/div><div class=\"vc_row-full-width vc_clearfix\"><\/div>\n<\/div>","protected":false},"excerpt":{"rendered":"Poste Espace Partag\u00e9 Un environnement dynamique pour travailler de mani\u00e8re flexible. Id\u00e9al pour les \u00e9tudiants, freelances et entrepreneurs, cet espace favorise la collaboration tout en offrant des zones de concentration et des \u00e9quipements modernes. Postes: 1 R\u00e9servez votre Place Aujourd'hui D\u00e9but de r\u00e9servation Fin de R\u00e9servation","protected":false},"author":3,"featured_media":0,"parent":0,"menu_order":0,"comment_status":"closed","ping_status":"closed","template":"page-templates\/full-width.php","meta":{"footnotes":""},"class_list":["post-9956","page","type-page","status-publish","hentry"],"_links":{"self":[{"href":"https:\/\/oclockcoworking.ma\/en\/wp-json\/wp\/v2\/pages\/9956","targetHints":{"allow":["GET"]}}],"collection":[{"href":"https:\/\/oclockcoworking.ma\/en\/wp-json\/wp\/v2\/pages"}],"about":[{"href":"https:\/\/oclockcoworking.ma\/en\/wp-json\/wp\/v2\/types\/page"}],"author":[{"embeddable":true,"href":"https:\/\/oclockcoworking.ma\/en\/wp-json\/wp\/v2\/users\/3"}],"replies":[{"embeddable":true,"href":"https:\/\/oclockcoworking.ma\/en\/wp-json\/wp\/v2\/comments?post=9956"}],"version-history":[{"count":19,"href":"https:\/\/oclockcoworking.ma\/en\/wp-json\/wp\/v2\/pages\/9956\/revisions"}],"predecessor-version":[{"id":10527,"href":"https:\/\/oclockcoworking.ma\/en\/wp-json\/wp\/v2\/pages\/9956\/revisions\/10527"}],"wp:attachment":[{"href":"https:\/\/oclockcoworking.ma\/en\/wp-json\/wp\/v2\/media?parent=9956"}],"curies":[{"name":"wp","href":"https:\/\/api.w.org\/{rel}","templated":true}]}}