{"id":9945,"date":"2024-12-16T09:41:22","date_gmt":"2024-12-16T09:41:22","guid":{"rendered":"https:\/\/oclockcoworking.ma\/?page_id=9945"},"modified":"2025-11-17T19:46:07","modified_gmt":"2025-11-17T19:46:07","slug":"a-propos","status":"publish","type":"page","link":"https:\/\/oclockcoworking.ma\/en\/a-propos\/","title":{"rendered":"\u00c0 Propos"},"content":{"rendered":"<div class=\"wpb-content-wrapper\"><section class=\"vc_section\"><div class=\"vc_row wpb_row vc_row-fluid\"><div class=\"wpb_column vc_column_container vc_col-sm-6 vc_col-lg-6\"><div class=\"vc_column-inner\"><div class=\"wpb_wrapper\">\n\t<div  class=\"wpb_single_image wpb_content_element vc_align_left wpb_content_element\">\n\t\t\n\t\t<figure class=\"wpb_wrapper vc_figure\">\n\t\t\t<div class=\"vc_single_image-wrapper vc_box_shadow_border  vc_box_border_grey\"><img decoding=\"async\" width=\"2048\" height=\"1366\" src=\"https:\/\/oclockcoworking.ma\/wp-content\/uploads\/2024\/12\/IMG_1138-scaled.jpeg\" class=\"vc_single_image-img attachment-full\" alt=\"\" title=\"IMG_1138\" srcset=\"https:\/\/oclockcoworking.ma\/wp-content\/uploads\/2024\/12\/IMG_1138-scaled.jpeg 2048w, https:\/\/oclockcoworking.ma\/wp-content\/uploads\/2024\/12\/IMG_1138-300x200.jpeg 300w, https:\/\/oclockcoworking.ma\/wp-content\/uploads\/2024\/12\/IMG_1138-1024x683.jpeg 1024w, https:\/\/oclockcoworking.ma\/wp-content\/uploads\/2024\/12\/IMG_1138-768x512.jpeg 768w, https:\/\/oclockcoworking.ma\/wp-content\/uploads\/2024\/12\/IMG_1138-1536x1024.jpeg 1536w, https:\/\/oclockcoworking.ma\/wp-content\/uploads\/2024\/12\/IMG_1138-128x84.jpeg 128w, https:\/\/oclockcoworking.ma\/wp-content\/uploads\/2024\/12\/IMG_1138-550x367.jpeg 550w\" sizes=\"(max-width: 2048px) 100vw, 2048px\" \/><\/div>\n\t\t<\/figure>\n\t<\/div>\n<div class=\"es-resp\">\t<div class=\"visible-xl\" style=\"height: 64px;\"><\/div>\t<div class=\"hidden-xl hidden-md hidden-sm hidden-ms hidden-xs\" style=\"height: 64px;\"><\/div>\t<div class=\"visible-md\" style=\"height: 64px;\"><\/div>\t<div class=\"visible-sm\" style=\"height: 64px;\"><\/div>\t<div class=\"visible-ms\" style=\"height: 32px;\"><\/div>\t<div class=\"visible-xs\" style=\"height: 32px;\"><\/div><\/div><\/div><\/div><\/div><div class=\"wpb_column vc_column_container vc_col-sm-6 vc_col-lg-6\"><div class=\"vc_column-inner\"><div class=\"wpb_wrapper\"><div class=\"es-resp\">\t<div class=\"visible-xl\" style=\"height: 0px;\"><\/div>\t<div class=\"hidden-xl hidden-md hidden-sm hidden-ms hidden-xs\" style=\"height: 0px;\"><\/div>\t<div class=\"visible-md\" style=\"height: 32px;\"><\/div>\t<div class=\"visible-sm\" style=\"height: 32px;\"><\/div>\t<div class=\"visible-ms\" style=\"height: 16px;\"><\/div>\t<div class=\"visible-xs\" style=\"height: 16px;\"><\/div><\/div><div class=\"heading  header-underline align-left transform-default icon-type-hidden   vc_custom_1738624643385 heading-tag-h2\" id=\"like_sc_header_1223823507\"><h2 class=\"header ltx-sr-id-like_sc_header_12238235071988097432 ltx-sr ltx-sr-effect-fade_in ltx-sr-el-block ltx-sr-delay-0 ltx-sr-duration-1000 ltx-sr-sequences-0\">Who <span> Are We ? <\/span><\/h2><\/div><div class=\"es-resp\">\t<div class=\"visible-xl\" style=\"height: 20px;\"><\/div>\t<div class=\"hidden-xl hidden-md hidden-sm hidden-ms hidden-xs\" style=\"height: 20px;\"><\/div>\t<div class=\"visible-md\" style=\"height: 20px;\"><\/div>\t<div class=\"visible-sm\" style=\"height: 20px;\"><\/div>\t<div class=\"visible-ms\" style=\"height: 32px;\"><\/div>\t<div class=\"visible-xs\" style=\"height: 32px;\"><\/div><\/div>\n\t<div class=\"wpb_text_column wpb_content_element\" >\n\t\t<div class=\"wpb_wrapper\">\n\t\t\t<p>We are a community dedicated to bring together students, freelancers and entrepreneurs in an environment that promotes collaboration, and development. At O clock Coworking, our mission is to democratize the culture of coworking in creating a space that is modern, inspiring, and accessible to all.<\/p>\n\n\t\t<\/div>\n\t<\/div>\n<\/div><\/div><\/div><\/div><\/section><section class=\"vc_section\"><div class=\"vc_row wpb_row vc_row-fluid\"><div class=\"wpb_column vc_column_container vc_col-sm-12\"><div class=\"vc_column-inner\"><div class=\"wpb_wrapper\"><div class=\"es-resp\">\t<div class=\"visible-xl\" style=\"height: 64px;\"><\/div>\t<div class=\"hidden-xl hidden-md hidden-sm hidden-ms hidden-xs\" style=\"height: 64px;\"><\/div>\t<div class=\"visible-md\" style=\"height: 64px;\"><\/div>\t<div class=\"visible-sm\" style=\"height: 64px;\"><\/div>\t<div class=\"visible-ms\" style=\"height: 32px;\"><\/div>\t<div class=\"visible-xs\" style=\"height: 32px;\"><\/div><\/div><\/div><\/div><\/div><\/div><div class=\"vc_row wpb_row vc_row-fluid\"><div class=\"wpb_column vc_column_container vc_col-sm-6 vc_col-lg-6 vc_hidden-xs\"><div class=\"vc_column-inner\"><div class=\"wpb_wrapper\"><div class=\"heading  header-underline align-left transform-default icon-type-hidden   vc_custom_1738624692971 heading-tag-h2\" id=\"like_sc_header_810814947\"><h2 class=\"header ltx-sr-id-like_sc_header_8108149471548381428 ltx-sr ltx-sr-effect-fade_in ltx-sr-el-block ltx-sr-delay-0 ltx-sr-duration-1000 ltx-sr-sequences-0\">Why <span> Choose O'clock <\/span><\/h2><\/div><div class=\"es-resp\">\t<div class=\"visible-xl\" style=\"height: 0px;\"><\/div>\t<div class=\"hidden-xl hidden-md hidden-sm hidden-ms hidden-xs\" style=\"height: 0px;\"><\/div>\t<div class=\"visible-md\" style=\"height: 20px;\"><\/div>\t<div class=\"visible-sm\" style=\"height: 20px;\"><\/div>\t<div class=\"visible-ms\" style=\"height: 16px;\"><\/div>\t<div class=\"visible-xs\" style=\"height: 16px;\"><\/div><\/div>\n\t<div class=\"wpb_text_column wpb_content_element\" >\n\t\t<div class=\"wpb_wrapper\">\n\t\t\t<p><strong>More than a simple coworking, a unique experience<\/strong><\/p>\n<ul>\n<li><strong>Flexibility:<\/strong> The spaces are adapted to all rhythms, which make you a nomadic worker or an entrepreneur in full expansion.<\/li>\n<li><strong>Community:<\/strong> A network of professionals who share your values \u200b\u200band ambitions.<\/li>\n<li><strong>Inspiration:<\/strong> A modern and stimulating setting that promotes concentration and innovation.<\/li>\n<\/ul>\n\n\t\t<\/div>\n\t<\/div>\n<div class=\"es-resp\">\t<div class=\"visible-xl\" style=\"height: 60px;\"><\/div>\t<div class=\"hidden-xl hidden-md hidden-sm hidden-ms hidden-xs\" style=\"height: 60px;\"><\/div>\t<div class=\"visible-md\" style=\"height: 60px;\"><\/div>\t<div class=\"visible-sm\" style=\"height: 60px;\"><\/div>\t<div class=\"visible-ms\" style=\"height: 32px;\"><\/div>\t<div class=\"visible-xs\" style=\"height: 32px;\"><\/div><\/div><div class=\"btn-wrap align-center btn-wrap-inline\">\r\n\t<a href=\"https:\/\/oclockcoworking.ma\/en\/our-services\/\"  class=\"btn  btn-main color-hover-black align-center\" id=\"like_sc_button_1209086255\">Discover<\/a><\/div><div class=\"es-resp\">\t<div class=\"visible-xl\" style=\"height: 64px;\"><\/div>\t<div class=\"hidden-xl hidden-md hidden-sm hidden-ms hidden-xs\" style=\"height: 64px;\"><\/div>\t<div class=\"visible-md\" style=\"height: 64px;\"><\/div>\t<div class=\"visible-sm\" style=\"height: 64px;\"><\/div>\t<div class=\"visible-ms\" style=\"height: 32px;\"><\/div>\t<div class=\"visible-xs\" style=\"height: 32px;\"><\/div><\/div><\/div><\/div><\/div><div class=\"wpb_column vc_column_container vc_col-sm-6\"><div class=\"vc_column-inner\"><div class=\"wpb_wrapper\">\n\t<div  class=\"wpb_single_image wpb_content_element vc_align_left wpb_content_element\">\n\t\t\n\t\t<figure class=\"wpb_wrapper vc_figure\">\n\t\t\t<div class=\"vc_single_image-wrapper vc_box_shadow_border  vc_box_border_grey\"><img decoding=\"async\" width=\"2048\" height=\"1366\" src=\"https:\/\/oclockcoworking.ma\/wp-content\/uploads\/2019\/06\/IMG_1097-scaled.jpeg\" class=\"vc_single_image-img attachment-full\" alt=\"\" title=\"IMG_1097\" srcset=\"https:\/\/oclockcoworking.ma\/wp-content\/uploads\/2019\/06\/IMG_1097-scaled.jpeg 2048w, https:\/\/oclockcoworking.ma\/wp-content\/uploads\/2019\/06\/IMG_1097-300x200.jpeg 300w, https:\/\/oclockcoworking.ma\/wp-content\/uploads\/2019\/06\/IMG_1097-1024x683.jpeg 1024w, https:\/\/oclockcoworking.ma\/wp-content\/uploads\/2019\/06\/IMG_1097-768x512.jpeg 768w, https:\/\/oclockcoworking.ma\/wp-content\/uploads\/2019\/06\/IMG_1097-1536x1024.jpeg 1536w, https:\/\/oclockcoworking.ma\/wp-content\/uploads\/2019\/06\/IMG_1097-128x84.jpeg 128w, https:\/\/oclockcoworking.ma\/wp-content\/uploads\/2019\/06\/IMG_1097-550x367.jpeg 550w\" sizes=\"(max-width: 2048px) 100vw, 2048px\" \/><\/div>\n\t\t<\/figure>\n\t<\/div>\n<\/div><\/div><\/div><\/div><div class=\"vc_row wpb_row vc_row-fluid\"><div class=\"wpb_column vc_column_container vc_col-sm-6 vc_col-lg-6 vc_hidden-lg vc_hidden-md vc_hidden-sm\"><div class=\"vc_column-inner\"><div class=\"wpb_wrapper\"><div class=\"es-resp\">\t<div class=\"visible-xl\" style=\"height: 0px;\"><\/div>\t<div class=\"hidden-xl hidden-md hidden-sm hidden-ms hidden-xs\" style=\"height: 0px;\"><\/div>\t<div class=\"visible-md\" style=\"height: 32px;\"><\/div>\t<div class=\"visible-sm\" style=\"height: 32px;\"><\/div>\t<div class=\"visible-ms\" style=\"height: 16px;\"><\/div>\t<div class=\"visible-xs\" style=\"height: 16px;\"><\/div><\/div><div class=\"es-resp\">\t<div class=\"visible-xl\" style=\"height: 0px;\"><\/div>\t<div class=\"hidden-xl hidden-md hidden-sm hidden-ms hidden-xs\" style=\"height: 0px;\"><\/div>\t<div class=\"visible-md\" style=\"height: 32px;\"><\/div>\t<div class=\"visible-sm\" style=\"height: 32px;\"><\/div>\t<div class=\"visible-ms\" style=\"height: 16px;\"><\/div>\t<div class=\"visible-xs\" style=\"height: 16px;\"><\/div><\/div><div class=\"heading  header-underline align-left transform-default icon-type-hidden   vc_custom_1734342268951 heading-tag-h2\" id=\"like_sc_header_1459536595\"><h2 class=\"header ltx-sr-id-like_sc_header_14595365952126821888 ltx-sr ltx-sr-effect-fade_in ltx-sr-el-block ltx-sr-delay-0 ltx-sr-duration-1000 ltx-sr-sequences-0\">Who <span> Are We ? <\/span><\/h2><\/div><div class=\"es-resp\">\t<div class=\"visible-xl\" style=\"height: 0px;\"><\/div>\t<div class=\"hidden-xl hidden-md hidden-sm hidden-ms hidden-xs\" style=\"height: 0px;\"><\/div>\t<div class=\"visible-md\" style=\"height: 32px;\"><\/div>\t<div class=\"visible-sm\" style=\"height: 32px;\"><\/div>\t<div class=\"visible-ms\" style=\"height: 16px;\"><\/div>\t<div class=\"visible-xs\" style=\"height: 16px;\"><\/div><\/div>\n\t<div class=\"wpb_text_column wpb_content_element\" >\n\t\t<div class=\"wpb_wrapper\">\n\t\t\t<p>We are a community dedicated to bring together students, freelancers and entrepreneurs in an environment that promotes collaboration, and development. At O clock Coworking, our mission is to democratize the culture of coworking in creating a space that is modern, inspiring, and accessible to all.<\/p>\n\n\t\t<\/div>\n\t<\/div>\n<div class=\"es-resp\">\t<div class=\"visible-xl\" style=\"height: 60px;\"><\/div>\t<div class=\"hidden-xl hidden-md hidden-sm hidden-ms hidden-xs\" style=\"height: 60px;\"><\/div>\t<div class=\"visible-md\" style=\"height: 60px;\"><\/div>\t<div class=\"visible-sm\" style=\"height: 60px;\"><\/div>\t<div class=\"visible-ms\" style=\"height: 32px;\"><\/div>\t<div class=\"visible-xs\" style=\"height: 32px;\"><\/div><\/div><div class=\"btn-wrap align-center btn-wrap-inline\">\r\n\t<a href=\"\"  class=\"btn  btn-main color-hover-black align-center\" id=\"like_sc_button_243855768\">Discover<\/a><\/div><div class=\"btn-wrap align-center btn-wrap-inline\">\r\n\t<a href=\"\"  class=\"btn  btn-transparent color-hover-white align-center hasIcon\" id=\"like_sc_button_1701393790\"><span class=\"l-icon icon-video\"><\/span>Watch Video<\/a><\/div><div class=\"es-resp\">\t<div class=\"visible-xl\" style=\"height: 64px;\"><\/div>\t<div class=\"hidden-xl hidden-md hidden-sm hidden-ms hidden-xs\" style=\"height: 64px;\"><\/div>\t<div class=\"visible-md\" style=\"height: 64px;\"><\/div>\t<div class=\"visible-sm\" style=\"height: 64px;\"><\/div>\t<div class=\"visible-ms\" style=\"height: 32px;\"><\/div>\t<div class=\"visible-xs\" style=\"height: 32px;\"><\/div><\/div><\/div><\/div><\/div><div class=\"wpb_column vc_column_container vc_col-sm-6 vc_hidden-lg vc_hidden-md vc_hidden-sm vc_hidden-xs\"><div class=\"vc_column-inner\"><div class=\"wpb_wrapper\">\n\t<div  class=\"wpb_single_image wpb_content_element vc_align_left wpb_content_element\">\n\t\t\n\t\t<figure class=\"wpb_wrapper vc_figure\">\n\t\t\t<div class=\"vc_single_image-wrapper vc_box_shadow_border  vc_box_border_grey\"><img decoding=\"async\" width=\"2048\" height=\"1366\" src=\"https:\/\/oclockcoworking.ma\/wp-content\/uploads\/2019\/06\/IMG_1097-scaled.jpeg\" class=\"vc_single_image-img attachment-full\" alt=\"\" title=\"IMG_1097\" srcset=\"https:\/\/oclockcoworking.ma\/wp-content\/uploads\/2019\/06\/IMG_1097-scaled.jpeg 2048w, https:\/\/oclockcoworking.ma\/wp-content\/uploads\/2019\/06\/IMG_1097-300x200.jpeg 300w, https:\/\/oclockcoworking.ma\/wp-content\/uploads\/2019\/06\/IMG_1097-1024x683.jpeg 1024w, https:\/\/oclockcoworking.ma\/wp-content\/uploads\/2019\/06\/IMG_1097-768x512.jpeg 768w, https:\/\/oclockcoworking.ma\/wp-content\/uploads\/2019\/06\/IMG_1097-1536x1024.jpeg 1536w, https:\/\/oclockcoworking.ma\/wp-content\/uploads\/2019\/06\/IMG_1097-128x84.jpeg 128w, https:\/\/oclockcoworking.ma\/wp-content\/uploads\/2019\/06\/IMG_1097-550x367.jpeg 550w\" sizes=\"(max-width: 2048px) 100vw, 2048px\" \/><\/div>\n\t\t<\/figure>\n\t<\/div>\n<\/div><\/div><\/div><\/div><div class=\"vc_row wpb_row vc_row-fluid\"><div class=\"wpb_column vc_column_container vc_col-sm-12\"><div class=\"vc_column-inner\"><div class=\"wpb_wrapper\"><div class=\"es-resp\">\t<div class=\"visible-xl\" style=\"height: 64px;\"><\/div>\t<div class=\"hidden-xl hidden-md hidden-sm hidden-ms hidden-xs\" style=\"height: 64px;\"><\/div>\t<div class=\"visible-md\" style=\"height: 64px;\"><\/div>\t<div class=\"visible-sm\" style=\"height: 64px;\"><\/div>\t<div class=\"visible-ms\" style=\"height: 32px;\"><\/div>\t<div class=\"visible-xs\" style=\"height: 32px;\"><\/div><\/div><\/div><\/div><\/div><\/div><div class=\"vc_row wpb_row vc_row-fluid\"><div class=\"wpb_column vc_column_container vc_col-sm-6 vc_col-md-6\"><div class=\"vc_column-inner\"><div class=\"wpb_wrapper\">\n\t<div  class=\"wpb_single_image wpb_content_element vc_align_left wpb_content_element\">\n\t\t\n\t\t<figure class=\"wpb_wrapper vc_figure\">\n\t\t\t<div class=\"vc_single_image-wrapper vc_box_shadow_border  vc_box_border_grey\"><img decoding=\"async\" width=\"1500\" height=\"1000\" src=\"https:\/\/oclockcoworking.ma\/wp-content\/uploads\/2025\/01\/IMG_1124.jpeg\" class=\"vc_single_image-img attachment-full\" alt=\"\" title=\"IMG_1124\" srcset=\"https:\/\/oclockcoworking.ma\/wp-content\/uploads\/2025\/01\/IMG_1124.jpeg 1500w, https:\/\/oclockcoworking.ma\/wp-content\/uploads\/2025\/01\/IMG_1124-300x200.jpeg 300w, https:\/\/oclockcoworking.ma\/wp-content\/smush-webp\/2025\/01\/IMG_1124-1024x683.jpeg.webp 1024w, https:\/\/oclockcoworking.ma\/wp-content\/smush-webp\/2025\/01\/IMG_1124-768x512.jpeg.webp 768w, https:\/\/oclockcoworking.ma\/wp-content\/smush-webp\/2025\/01\/IMG_1124-128x84.jpeg.webp 128w, https:\/\/oclockcoworking.ma\/wp-content\/smush-webp\/2025\/01\/IMG_1124-550x367.jpeg.webp 550w\" sizes=\"(max-width: 1500px) 100vw, 1500px\" \/><\/div>\n\t\t<\/figure>\n\t<\/div>\n<div class=\"es-resp\">\t<div class=\"visible-xl\" style=\"height: 0px;\"><\/div>\t<div class=\"hidden-xl hidden-md hidden-sm hidden-ms hidden-xs\" style=\"height: 0px;\"><\/div>\t<div class=\"visible-md\" style=\"height: 32px;\"><\/div>\t<div class=\"visible-sm\" style=\"height: 32px;\"><\/div>\t<div class=\"visible-ms\" style=\"height: 16px;\"><\/div>\t<div class=\"visible-xs\" style=\"height: 16px;\"><\/div><\/div><div class=\"es-resp\">\t<div class=\"visible-xl\" style=\"height: 0px;\"><\/div>\t<div class=\"hidden-xl hidden-md hidden-sm hidden-ms hidden-xs\" style=\"height: 0px;\"><\/div>\t<div class=\"visible-md\" style=\"height: 32px;\"><\/div>\t<div class=\"visible-sm\" style=\"height: 32px;\"><\/div>\t<div class=\"visible-ms\" style=\"height: 16px;\"><\/div>\t<div class=\"visible-xs\" style=\"height: 16px;\"><\/div><\/div><div class=\"es-resp\">\t<div class=\"visible-xl\" style=\"height: 0px;\"><\/div>\t<div class=\"hidden-xl hidden-md hidden-sm hidden-ms hidden-xs\" style=\"height: 0px;\"><\/div>\t<div class=\"visible-md\" style=\"height: 32px;\"><\/div>\t<div class=\"visible-sm\" style=\"height: 32px;\"><\/div>\t<div class=\"visible-ms\" style=\"height: 16px;\"><\/div>\t<div class=\"visible-xs\" style=\"height: 16px;\"><\/div><\/div><\/div><\/div><\/div><div class=\"wpb_column vc_column_container vc_col-sm-6 vc_col-md-6\"><div class=\"vc_column-inner\"><div class=\"wpb_wrapper\"><div class=\"heading  header-underline align-left transform-default icon-type-hidden   vc_custom_1738624723839 heading-tag-h2\" id=\"like_sc_header_173312761\"><h2 class=\"header ltx-sr-id-like_sc_header_173312761510025906 ltx-sr ltx-sr-effect-fade_in ltx-sr-el-block ltx-sr-delay-0 ltx-sr-duration-1000 ltx-sr-sequences-0\">Our <span>Vision<\/span><\/h2><\/div><div class=\"es-resp\">\t<div class=\"visible-xl\" style=\"height: 0px;\"><\/div>\t<div class=\"hidden-xl hidden-md hidden-sm hidden-ms hidden-xs\" style=\"height: 0px;\"><\/div>\t<div class=\"visible-md\" style=\"height: 32px;\"><\/div>\t<div class=\"visible-sm\" style=\"height: 32px;\"><\/div>\t<div class=\"visible-ms\" style=\"height: 16px;\"><\/div>\t<div class=\"visible-xs\" style=\"height: 16px;\"><\/div><\/div>\n\t<div class=\"wpb_text_column wpb_content_element\" >\n\t\t<div class=\"wpb_wrapper\">\n\t\t\t<p>At <strong>O'clock Coworking<\/strong>, our mission is to build a community dynamic, and inclusive. We aim to provide a place where students, freelancers and entrepreneurs can meet, collaborate and grow together, while enjoying a stimulating environment that supports their personal and professional development.<\/p>\n\n\t\t<\/div>\n\t<\/div>\n<div class=\"es-resp\">\t<div class=\"visible-xl\" style=\"height: 32px;\"><\/div>\t<div class=\"hidden-xl hidden-md hidden-sm hidden-ms hidden-xs\" style=\"height: 32px;\"><\/div>\t<div class=\"visible-md\" style=\"height: 32px;\"><\/div>\t<div class=\"visible-sm\" style=\"height: 32px;\"><\/div>\t<div class=\"visible-ms\" style=\"height: 32px;\"><\/div>\t<div class=\"visible-xs\" style=\"height: 32px;\"><\/div><\/div><div class=\"btn-wrap align-center\">\r\n\t<a href=\"https:\/\/oclockcoworking.ma\/en\/our-services\/\"  class=\"btn  btn-main color-hover-default align-center\" id=\"like_sc_button_175071430\">Book<\/a><\/div><div class=\"es-resp\">\t<div class=\"visible-xl\" style=\"height: 64px;\"><\/div>\t<div class=\"hidden-xl hidden-md hidden-sm hidden-ms hidden-xs\" style=\"height: 64px;\"><\/div>\t<div class=\"visible-md\" style=\"height: 64px;\"><\/div>\t<div class=\"visible-sm\" style=\"height: 64px;\"><\/div>\t<div class=\"visible-ms\" style=\"height: 32px;\"><\/div>\t<div class=\"visible-xs\" style=\"height: 32px;\"><\/div><\/div><\/div><\/div><\/div><\/div><\/section>\n<\/div>","protected":false},"excerpt":{"rendered":"Qui Sommes-Nous ? Nous sommes une communaut\u00e9 d\u00e9di\u00e9e \u00e0 rassembler \u00e9tudiants, freelances et entrepreneurs dans un environnement qui favorise la collaboration et l\u2019\u00e9panouissement. Chez O'clock Coworking, notre mission est de d\u00e9mocratiser la culture du coworking en cr\u00e9ant un espace moderne, inspirant et accessible \u00e0 tous. Pourquoi O'clock ? Plus qu\u2019un simple coworking, une exp\u00e9rience unique Flexibilit\u00e9: Des espaces adapt\u00e9s \u00e0 tous les rythmes, que vous soyez un travailleur nomade ou un entrepreneur en pleine expansion. Communaut\u00e9: Un r\u00e9seau de professionnels qui partagent vos valeurs et vos ambitions. Inspiration: Un cadre moderne et stimulant qui favorise la concentration et l\u2019innovation. D\u00e9couvrir Qui Sommes-Nous ? Nous sommes une communaut\u00e9 d\u00e9di\u00e9e \u00e0 rassembler \u00e9tudiants, freelances et entrepreneurs dans un environnement qui favorise la [...]","protected":false},"author":3,"featured_media":0,"parent":0,"menu_order":0,"comment_status":"closed","ping_status":"closed","template":"page-templates\/full-width.php","meta":{"footnotes":""},"class_list":["post-9945","page","type-page","status-publish","hentry"],"_links":{"self":[{"href":"https:\/\/oclockcoworking.ma\/en\/wp-json\/wp\/v2\/pages\/9945","targetHints":{"allow":["GET"]}}],"collection":[{"href":"https:\/\/oclockcoworking.ma\/en\/wp-json\/wp\/v2\/pages"}],"about":[{"href":"https:\/\/oclockcoworking.ma\/en\/wp-json\/wp\/v2\/types\/page"}],"author":[{"embeddable":true,"href":"https:\/\/oclockcoworking.ma\/en\/wp-json\/wp\/v2\/users\/3"}],"replies":[{"embeddable":true,"href":"https:\/\/oclockcoworking.ma\/en\/wp-json\/wp\/v2\/comments?post=9945"}],"version-history":[{"count":39,"href":"https:\/\/oclockcoworking.ma\/en\/wp-json\/wp\/v2\/pages\/9945\/revisions"}],"predecessor-version":[{"id":10721,"href":"https:\/\/oclockcoworking.ma\/en\/wp-json\/wp\/v2\/pages\/9945\/revisions\/10721"}],"wp:attachment":[{"href":"https:\/\/oclockcoworking.ma\/en\/wp-json\/wp\/v2\/media?parent=9945"}],"curies":[{"name":"wp","href":"https:\/\/api.w.org\/{rel}","templated":true}]}}