{"id":10222,"date":"2025-01-21T13:52:22","date_gmt":"2025-01-21T13:52:22","guid":{"rendered":"https:\/\/oclockcoworking.ma\/?page_id=10222"},"modified":"2025-01-22T03:53:30","modified_gmt":"2025-01-22T03:53:30","slug":"nos-services","status":"publish","type":"page","link":"https:\/\/oclockcoworking.ma\/en\/nos-services\/","title":{"rendered":"Our Services"},"content":{"rendered":"<div class=\"wpb-content-wrapper\"><p><span style=\"vertical-align: inherit;\"><span style=\"vertical-align: inherit;\"><div data-vc-full-width=\"true\" data-vc-full-width-init=\"false\" data-vc-stretch-content=\"true\" class=\"vc_row wpb_row vc_row-fluid\"><div class=\"wpb_column vc_column_container vc_col-sm-12\"><div class=\"vc_column-inner\"><div class=\"wpb_wrapper\"><div class=\"es-resp\">\t<div class=\"visible-xl\" style=\"height: 64px;\"><\/div>\t<div class=\"hidden-xl hidden-md hidden-sm hidden-ms hidden-xs\" style=\"height: 64px;\"><\/div>\t<div class=\"visible-md\" style=\"height: 64px;\"><\/div>\t<div class=\"visible-sm\" style=\"height: 64px;\"><\/div>\t<div class=\"visible-ms\" style=\"height: 32px;\"><\/div>\t<div class=\"visible-xs\" style=\"height: 32px;\"><\/div><\/div><div class=\"services-sc row centered  layout-photos ltx-style-gray\"  id=\"like_sc_services_724340745\">\t\t\t\t<article class=\"col-lg-4 col-ms-12\">\n\t\t\t\t\t<div class=\"inner\">\n\t\t\t\t\t\t<a href=\"https:\/\/oclockcoworking.ma\/en\/services\/location-scooter-electrique\/\" class=\"photo-inner\"><img decoding=\"async\" width=\"1120\" height=\"720\" src=\"https:\/\/oclockcoworking.ma\/wp-content\/smush-webp\/2025\/02\/Frame-262-1-1120x720.png.webp\" class=\"attachment-post-thumbnail size-post-thumbnail wp-post-image\" alt=\"\" \/><\/a>\t\t\t\t\t    <div class=\"description\">\n\t\t\t\t\t        <a href=\"https:\/\/oclockcoworking.ma\/en\/services\/location-scooter-electrique\/\" class=\"header\">\n\t\t\t\t\t        \t<h4 class=\"header\">Location Scooter Electrique<\/h4>\n\t\t\t\t\t        <\/a>\n\t\t\t\t        \t<p>\n\t\t\t\t        \t\tWe offer space for training sessions, workshops and seminars. These spaces are tailored to accommodate a diverse audience and are equipped with everything necessary to ensure a learning experience that is interactive and effective.\t\t\t\t        \t<\/p>\t        \n\t\t\t\t\t        <a href=\"https:\/\/oclockcoworking.ma\/en\/services\/location-scooter-electrique\/\" class=\"more-link\">Submit now<\/a>\t\t\t\t\t    <\/div>    \n\t\t\t\t\t<\/div>\n\t\t\t\t<\/article>\t\n\t\t\t\t\t\t\t\t<article class=\"col-lg-4 col-ms-12\">\n\t\t\t\t\t<div class=\"inner\">\n\t\t\t\t\t\t<a href=\"https:\/\/oclockcoworking.ma\/en\/services\/domiciliation-dentreprise\/\" class=\"photo-inner\"><img decoding=\"async\" width=\"1120\" height=\"720\" src=\"https:\/\/oclockcoworking.ma\/wp-content\/smush-webp\/2025\/02\/Frame-262-1120x720.png.webp\" class=\"attachment-post-thumbnail size-post-thumbnail wp-post-image\" alt=\"\" \/><\/a>\t\t\t\t\t    <div class=\"description\">\n\t\t\t\t\t        <a href=\"https:\/\/oclockcoworking.ma\/en\/services\/domiciliation-dentreprise\/\" class=\"header\">\n\t\t\t\t\t        \t<h4 class=\"header\">Domiciliation d&rsquo;Entreprise<\/h4>\n\t\t\t\t\t        <\/a>\n\t\t\t\t        \t<p>\n\t\t\t\t        \t\tWe offer space for training sessions, workshops and seminars. These spaces are tailored to accommodate a diverse audience and are equipped with everything necessary to ensure a learning experience that is interactive and effective.\t\t\t\t        \t<\/p>\t        \n\t\t\t\t\t        <a href=\"https:\/\/oclockcoworking.ma\/en\/services\/domiciliation-dentreprise\/\" class=\"more-link\">Submit now<\/a>\t\t\t\t\t    <\/div>    \n\t\t\t\t\t<\/div>\n\t\t\t\t<\/article>\t\n\t\t\t\t\t\t\t\t<article class=\"col-lg-4 col-ms-12\">\n\t\t\t\t\t<div class=\"inner\">\n\t\t\t\t\t\t<a href=\"https:\/\/oclockcoworking.ma\/en\/services\/location-salle-de-formation-agadir\/\" class=\"photo-inner\"><img decoding=\"async\" width=\"1120\" height=\"720\" src=\"https:\/\/oclockcoworking.ma\/wp-content\/smush-webp\/2024\/12\/IMG_1520-1120x720.jpg.webp\" class=\"attachment-post-thumbnail size-post-thumbnail wp-post-image\" alt=\"\" srcset=\"https:\/\/oclockcoworking.ma\/wp-content\/smush-webp\/2024\/12\/IMG_1520-1120x720.jpg.webp 1120w, https:\/\/oclockcoworking.ma\/wp-content\/smush-webp\/2024\/12\/IMG_1520-18x12.jpg.webp 18w\" sizes=\"(max-width: 1120px) 100vw, 1120px\" \/><\/a>\t\t\t\t\t    <div class=\"description\">\n\t\t\t\t\t        <a href=\"https:\/\/oclockcoworking.ma\/en\/services\/location-salle-de-formation-agadir\/\" class=\"header\">\n\t\t\t\t\t        \t<h4 class=\"header\">Training room<\/h4>\n\t\t\t\t\t        <\/a>\n\t\t\t\t        \t<p>\n\t\t\t\t        \t\tWe offer space for training sessions, workshops and seminars. These spaces are tailored to accommodate a diverse audience and are equipped with everything necessary to ensure a learning experience that is interactive and effective.\t\t\t\t        \t<\/p>\t        \n\t\t\t\t\t        <a href=\"https:\/\/oclockcoworking.ma\/en\/services\/location-salle-de-formation-agadir\/\" class=\"more-link\">Submit now<\/a>\t\t\t\t\t    <\/div>    \n\t\t\t\t\t<\/div>\n\t\t\t\t<\/article>\t\n\t\t\t\t\t\t\t\t<article class=\"col-lg-4 col-ms-12\">\n\t\t\t\t\t<div class=\"inner\">\n\t\t\t\t\t\t<a href=\"https:\/\/oclockcoworking.ma\/en\/services\/location-salle-de-reunion-agadir\/\" class=\"photo-inner\"><img decoding=\"async\" src=\"\/\/oclockcoworking.ma\/wp-content\/uploads\/2018\/02\/IMG_1124-scaled.jpeg\" alt=\"Salle de R\u00e9union\"><\/a>\t\t\t\t\t    <div class=\"description\">\n\t\t\t\t\t        <a href=\"https:\/\/oclockcoworking.ma\/en\/services\/location-salle-de-reunion-agadir\/\" class=\"header\">\n\t\t\t\t\t        \t<h4 class=\"header\">Meeting room<\/h4>\n\t\t\t\t\t        <\/a>\n\t\t\t\t        \t<p>\n\t\t\t\t        \t\tOur meeting rooms are designed to accommodate teams of all sizes. They are equipped with modern technology for presentations and video conferencing, offering a professional and comfortable for your discussions, brainstorming and strategic discussions.\t\t\t\t        \t<\/p>\t        \n\t\t\t\t\t        <a href=\"https:\/\/oclockcoworking.ma\/en\/services\/location-salle-de-reunion-agadir\/\" class=\"more-link\">Submit now<\/a>\t\t\t\t\t    <\/div>    \n\t\t\t\t\t<\/div>\n\t\t\t\t<\/article>\t\n\t\t\t\t\t\t\t\t<article class=\"col-lg-4 col-ms-12\">\n\t\t\t\t\t<div class=\"inner\">\n\t\t\t\t\t\t<a href=\"https:\/\/oclockcoworking.ma\/en\/services\/bureau-equipe-agadir\/\" class=\"photo-inner\"><img decoding=\"async\" width=\"1120\" height=\"720\" src=\"https:\/\/oclockcoworking.ma\/wp-content\/smush-webp\/2025\/01\/IMG_1124-1120x720.jpeg.webp\" class=\"attachment-post-thumbnail size-post-thumbnail wp-post-image\" alt=\"\" \/><\/a>\t\t\t\t\t    <div class=\"description\">\n\t\t\t\t\t        <a href=\"https:\/\/oclockcoworking.ma\/en\/services\/bureau-equipe-agadir\/\" class=\"header\">\n\t\t\t\t\t        \t<h4 class=\"header\">Office Team<\/h4>\n\t\t\t\t\t        <\/a>\n\t\t\t\t        \t<p>\n\t\t\t\t        \t\tThe office team are perfect for the small-to-medium-sized teams that need to meet regularly while being surrounded by a vibrant community. With open spaces and modular, each office team can be adapted to your needs, while providing an atmosphere conducive to collaboration.\t\t\t\t        \t<\/p>\t        \n\t\t\t\t\t        <a href=\"https:\/\/oclockcoworking.ma\/en\/services\/bureau-equipe-agadir\/\" class=\"more-link\">Submit now<\/a>\t\t\t\t\t    <\/div>    \n\t\t\t\t\t<\/div>\n\t\t\t\t<\/article>\t\n\t\t\t\t\t\t\t\t<article class=\"col-lg-4 col-ms-12\">\n\t\t\t\t\t<div class=\"inner\">\n\t\t\t\t\t\t<a href=\"https:\/\/oclockcoworking.ma\/en\/services\/bureau-duo-agadir\/\" class=\"photo-inner\"><img decoding=\"async\" src=\"\/\/oclockcoworking.ma\/wp-content\/uploads\/2024\/12\/IMG_1110-scaled.jpeg\" alt=\"Bureau Duo\"><\/a>\t\t\t\t\t    <div class=\"description\">\n\t\t\t\t\t        <a href=\"https:\/\/oclockcoworking.ma\/en\/services\/bureau-duo-agadir\/\" class=\"header\">\n\t\t\t\t\t        \t<h4 class=\"header\">Office Duo<\/h4>\n\t\t\t\t\t        <\/a>\n\t\t\t\t        \t<p>\n\t\t\t\t        \t\tFor collaborations or small, our offices duo are designed to accommodate two people in a space optimized. Ideal for small teams or partners of projects, these offices allow you to work side-by-side while enjoying the privacy and of the equipment needed for maximum productivity.\t\t\t\t        \t<\/p>\t        \n\t\t\t\t\t        <a href=\"https:\/\/oclockcoworking.ma\/en\/services\/bureau-duo-agadir\/\" class=\"more-link\">Submit now<\/a>\t\t\t\t\t    <\/div>    \n\t\t\t\t\t<\/div>\n\t\t\t\t<\/article>\t\n\t\t\t\t<\/div><div class=\"es-resp\">\t<div class=\"visible-xl\" style=\"height: 64px;\"><\/div>\t<div class=\"hidden-xl hidden-md hidden-sm hidden-ms hidden-xs\" style=\"height: 64px;\"><\/div>\t<div class=\"visible-md\" style=\"height: 64px;\"><\/div>\t<div class=\"visible-sm\" style=\"height: 64px;\"><\/div>\t<div class=\"visible-ms\" style=\"height: 32px;\"><\/div>\t<div class=\"visible-xs\" style=\"height: 32px;\"><\/div><\/div><\/div><\/div><\/div><\/div><div class=\"vc_row-full-width vc_clearfix\"><\/div><\/span><\/span><\/p>\n<\/div>","protected":false},"excerpt":{"rendered":"Bureau Duo Nos bureaux duo offrent un espace optimis\u00e9 pour accueillir deux personnes. Ces bureaux priv\u00e9s situ\u00e9s au centre d'Agadir sont parfaits pour petites \u00e9quipes ou partenaires de projets, avec intimit\u00e9, confort et tous les \u00e9quipements n\u00e9cessaires pour travailler efficacement. Postes: 2 R\u00e9servez votre Place Aujourd'hui S\u00e9lectionner Une OffreCoworking spaceBureau individuelBureau duoBureau \u00e9quipe D\u00e9but de r\u00e9servation Fin de R\u00e9servation","protected":false},"author":5,"featured_media":0,"parent":0,"menu_order":0,"comment_status":"closed","ping_status":"closed","template":"page-templates\/full-width.php","meta":{"footnotes":""},"class_list":["post-10222","page","type-page","status-publish","hentry","has-post-thumbnail"],"_links":{"self":[{"href":"https:\/\/oclockcoworking.ma\/en\/wp-json\/wp\/v2\/pages\/10222","targetHints":{"allow":["GET"]}}],"collection":[{"href":"https:\/\/oclockcoworking.ma\/en\/wp-json\/wp\/v2\/pages"}],"about":[{"href":"https:\/\/oclockcoworking.ma\/en\/wp-json\/wp\/v2\/types\/page"}],"author":[{"embeddable":true,"href":"https:\/\/oclockcoworking.ma\/en\/wp-json\/wp\/v2\/users\/5"}],"replies":[{"embeddable":true,"href":"https:\/\/oclockcoworking.ma\/en\/wp-json\/wp\/v2\/comments?post=10222"}],"version-history":[{"count":6,"href":"https:\/\/oclockcoworking.ma\/en\/wp-json\/wp\/v2\/pages\/10222\/revisions"}],"predecessor-version":[{"id":10240,"href":"https:\/\/oclockcoworking.ma\/en\/wp-json\/wp\/v2\/pages\/10222\/revisions\/10240"}],"wp:attachment":[{"href":"https:\/\/oclockcoworking.ma\/en\/wp-json\/wp\/v2\/media?parent=10222"}],"curies":[{"name":"wp","href":"https:\/\/api.w.org\/{rel}","templated":true}]}}